{"id":19609,"date":"2023-01-23T09:27:18","date_gmt":"2023-01-23T09:27:18","guid":{"rendered":"https:\/\/www.soyinquieto.com\/cookie-policy\/"},"modified":"2024-08-20T10:04:22","modified_gmt":"2024-08-20T10:04:22","slug":"cookie-policy","status":"publish","type":"page","link":"https:\/\/www.soyinquieto.com\/en\/cookie-policy\/","title":{"rendered":"Cookie Policy"},"content":{"rendered":"\t\t<div data-elementor-type=\"wp-page\" data-elementor-id=\"19609\" class=\"elementor elementor-19609 elementor-86\" wpc-filter-elementor-widget=\"1\" data-elementor-post-type=\"page\">\n\t\t\t\t\t\t<section class=\"elementor-section elementor-top-section elementor-element elementor-element-31c6ba0 elementor-section-height-min-height elementor-section-content-middle elementor-section-boxed elementor-section-height-default elementor-section-items-middle\" data-id=\"31c6ba0\" data-element_type=\"section\" data-e-type=\"section\" data-settings=\"{&quot;background_background&quot;:&quot;classic&quot;}\">\n\t\t\t\t\t\t\t<div class=\"elementor-background-overlay\"><\/div>\n\t\t\t\t\t\t\t<div class=\"elementor-container elementor-column-gap-default\">\n\t\t\t\t\t<div class=\"elementor-column elementor-col-50 elementor-top-column elementor-element elementor-element-3bd1397\" data-id=\"3bd1397\" data-element_type=\"column\" data-e-type=\"column\">\n\t\t\t<div class=\"elementor-widget-wrap elementor-element-populated\">\n\t\t\t\t\t\t<div class=\"elementor-element elementor-element-e1fc11d elementor-widget elementor-widget-heading\" data-id=\"e1fc11d\" data-element_type=\"widget\" data-e-type=\"widget\" data-widget_type=\"heading.default\">\n\t\t\t\t\t<h1 class=\"elementor-heading-title elementor-size-default\">Cookie Policy<\/h1>\t\t\t\t<\/div>\n\t\t\t\t\t<\/div>\n\t\t<\/div>\n\t\t\t\t<div class=\"elementor-column elementor-col-50 elementor-top-column elementor-element elementor-element-0d4d27a\" data-id=\"0d4d27a\" data-element_type=\"column\" data-e-type=\"column\">\n\t\t\t<div class=\"elementor-widget-wrap\">\n\t\t\t\t\t\t\t<\/div>\n\t\t<\/div>\n\t\t\t\t\t<\/div>\n\t\t<\/section>\n\t\t\t\t<section class=\"elementor-section elementor-top-section elementor-element elementor-element-53bbd48 elementor-section-boxed elementor-section-height-default elementor-section-height-default\" data-id=\"53bbd48\" data-element_type=\"section\" data-e-type=\"section\">\n\t\t\t\t\t\t<div class=\"elementor-container elementor-column-gap-default\">\n\t\t\t\t\t<div class=\"elementor-column elementor-col-100 elementor-top-column elementor-element elementor-element-8bba598\" data-id=\"8bba598\" data-element_type=\"column\" data-e-type=\"column\">\n\t\t\t<div class=\"elementor-widget-wrap elementor-element-populated\">\n\t\t\t\t\t\t<div class=\"elementor-element elementor-element-8a87b0a texto-legal elementor-widget elementor-widget-text-editor\" data-id=\"8a87b0a\" data-element_type=\"widget\" data-e-type=\"widget\" data-widget_type=\"text-editor.default\">\n\t\t\t\t\t\t\t\t\t<h2><b>This website uses cookies<\/b><\/h2>\n<span style=\"font-weight: 400;\">In compliance with Law 34\/2002 of 11 July on Information Society Services and e-Commerce (LSSI), we hereby inform you that <\/span><b>this website Web soyinquieto.com<\/b><span style=\"font-weight: 400;\">, like most sites online, <\/span><b>uses Cookies in order to provide a better service and provide you with a better browsing experience<\/b><span style=\"font-weight: 400;\">. <\/span>\n\n<span style=\"font-weight: 400;\">Below you will find detailed information about what \u201cCookies\u201d are, what types of cookies this website uses, how to change the settings of your cookies, and what happens if you disable Cookies.<\/span>\n\n<div id=\"contenedor-botones-aviso-cookies\"><\/div>\n\n<h2><b>What is a cookie and what is it for?<\/b><\/h2>\n<span style=\"font-weight: 400;\">Cookies are small text files that the website you visit stores on your computer, tablet, smartphone or any other device with navigation information.<\/span>\n\n<span style=\"font-weight: 400;\">This website uses cookies and\/or similar technologies which store and recover information when you browse. In general, these technologies may be used for very different purposes such as, for example, recognising you as a user, obtaining information about your browsing habits, or personalizing the way in which content is shown. The specific uses we make of these technologies have been described below.<\/span>\n<h2><b>What types of cookies does this webpage use?<\/b><\/h2>\n<b>According to the purpose<\/b><span style=\"font-weight: 400;\"> for which data obtained through cookies is processed, we distinguish the following types of cookies:<\/span>\n<ul>\n \t<li style=\"font-weight: 400;\" aria-level=\"1\"><b>Technical cookies<\/b><span style=\"font-weight: 400;\">: these are cookies which allow the user to browse a website, platform or application, and to use the different options or services to be found there, including those that the publisher uses to allow the management and operation of the website and enabling its functions and services, such as, for instance, identifying the session, accessing places with restricted access, recalling the elements that go to make up an order or using security elements whilst browsing. These technical cookies are necessary for the proper functioning of the website, and are exempt from compliance with the obligations established in article 22.2 of the LSSI, so it is not necessary to inform or obtain consent regarding their use when they allow the provision of the service requested by the user, as is the case with the cookies listed in the previous paragraphs.<\/span><\/li>\n \t<li style=\"font-weight: 400;\" aria-level=\"1\"><b>Preference or personalisation cookies<\/b><span style=\"font-weight: 400;\">: they are those which allow information to be recalled so that the user can access the service with certain characteristics which may differentiate his\/her experience from that of other users, such as, for example, the language or number of results to be shown when the user carries out a search. If it is the user himself\/herself who selects these characteristics (for example, if they select the language of a website), cookies will be exempt from the obligations of article 22.2 of the LSSI, as they are considered a service specifically requested by the user, as long as the cookies solely serve the purpose selected.<\/span><\/li>\n \t<li style=\"font-weight: 400;\" aria-level=\"1\"><b>Analytics or measurement cookies<\/b><span style=\"font-weight: 400;\">: these are cookies which are either processed by us or by third parties and which enable us to carry out the measurement and statistical analysis of the use that users make of the service offered. With this in mind, their browsing is analyzed at our website with a view to improving the offer of the products or services we provide.<\/span><\/li>\n \t<li style=\"font-weight: 400;\" aria-level=\"1\"><b>Behavioral advertising or marketing cookies<\/b><span style=\"font-weight: 400;\">: these are cookies which, processed by us or by third parties, store behavioral information about the users obtained from the continuous observation of their browsing habits which allows a specific profile to be developed to show advertising in line therewith.<\/span><\/li>\n<\/ul>\n<h3><\/h3>\n<b>Depending on the period of time they remain activated<\/b><span style=\"font-weight: 400;\"> on the terminal device (expiration), we can distinguish:<\/span>\n<ul>\n \t<li style=\"font-weight: 400;\" aria-level=\"1\"><b>Session cookies<\/b><span style=\"font-weight: 400;\">: these are cookies designed to obtain and store data whilst the user accesses a website. They are usually used to store information that is only worth keeping for the provision of the service requested by the user on a single occasion (for example, a list of products purchased) and they disappear when the session ends.<\/span><\/li>\n \t<li style=\"font-weight: 400;\" aria-level=\"1\"><b>Persistent cookies<\/b><span style=\"font-weight: 400;\">: they are those in which the data are stored at the terminal and may be accessed and processed during a period defined by the party responsible for the cookie and which may be anything from a few minutes to a few years.<\/span><\/li>\n<\/ul>\n<b>Depending on the entity that manages them<\/b><span style=\"font-weight: 400;\">, specifically depending on the entity managing the domain from which the cookies are sent and the data obtained is processed, two types can be distinguished: first-party cookies and third-party cookies<\/span>\n<ul>\n \t<li><b> First-party Cookies: <\/b><span style=\"font-weight: 400;\">We use technical cookies, preference and personalisation cookies which are sent to the equipment from our own servers or domains. These cookies allow the website to provide its service, correctly show the contents of the website and recall your preferences, for example, the language or your preferences regarding the use of cookies. Some of these cookies are also session cookies, in other words, they are of a temporary nature and they expire and are automatically deleted when the user closes his\/her browser.<\/span><\/li>\n<\/ul>\n<span style=\"font-weight: 400;\">Below is a table with the first-party Cookies used on this website, indicating their purposes:<\/span>\n<table>\n<thead>\n<tr>\n<th><span style=\"font-weight: 400;\">Cookies <\/span><\/th>\n<th><span style=\"font-weight: 400;\">Purpose<\/span><\/th>\n<th><span style=\"font-weight: 400;\">Expiry<\/span><\/th>\n<th><span style=\"font-weight: 400;\">Ownership<\/span><\/th>\n<th><span style=\"font-weight: 400;\">Description<\/span><\/th>\n<\/tr>\n<tr>\n<th><b>Cookies de Cookie Consent LegalKit<\/b><span style=\"font-weight: 400;\">:<\/span>\n\n<span style=\"font-weight: 400;\">cookie_consent<\/span>\n\n<span style=\"font-weight: 400;\">cookie_consent_analitica<\/span>\n\n<span style=\"font-weight: 400;\">cookie_consent_marketing<\/span>\n\n<span style=\"font-weight: 400;\">cookie_consent_date<\/span><\/th>\n<th><span style=\"font-weight: 400;\">technical<\/span><\/th>\n<th><span style=\"font-weight: 400;\">1 year<\/span><\/th>\n<th><span style=\"font-weight: 400;\">First-party<\/span><\/th>\n<th><span style=\"font-weight: 400;\">Technical cookies which verifies whether the cookies warning has been accepted, as well as the last date of configuration, acceptance, or rejection of cookies by the user.<\/span><\/th>\n<\/tr>\n<\/thead>\n<tbody>\n<tr>\n<td><b>WP &#8211; WPML Technical Cookies:<\/b>\n\n<span style=\"font-weight: 400;\">wp-wpml_current_language<\/span>\n\n<span style=\"font-weight: 400;\">wp_wpml_x<\/span>\n\n<span style=\"font-weight: 400;\">wpml_x<\/span>\n\n<span style=\"font-weight: 400;\">(etc)<\/span><\/td>\n<td><span style=\"font-weight: 400;\">technical<\/span><\/td>\n<td><span style=\"font-weight: 400;\">session<\/span><\/td>\n<td><span style=\"font-weight: 400;\">First-party<\/span><\/td>\n<td><span style=\"font-weight: 400;\">A technical cookie used by the WordPress wp-wpml multi-language plugin to remember the user&#8217;s language selection. <\/span>\n\n<span style=\"font-weight: 400;\">* More information about the use of cookies by WPML and GDPR compliance: https:\/\/wpml.org\/documentation\/privacy-policy-and-gdpr-compliance\/<\/span><\/td>\n<\/tr>\n<tr>\n<td><b>WP &#8211; WooCommerce Technical Cookies<\/b>\n\n<span style=\"font-weight: 400;\">woocommerce_cart_hash<\/span>\n\n<span style=\"font-weight: 400;\">woocommerce_items_in_cart<\/span>\n\n<span style=\"font-weight: 400;\">wp_woocommerce_session_<\/span>\n\n<span style=\"font-weight: 400;\">(etc)<\/span><\/td>\n<td><span style=\"font-weight: 400;\">technical<\/span><\/td>\n<td><span style=\"font-weight: 400;\">session<\/span><\/td>\n<td><span style=\"font-weight: 400;\">First-party<\/span><\/td>\n<td><span style=\"font-weight: 400;\">To keep track of cart data, WooCommerce sets cookies (no personal information is stored in these cookies)<\/span><\/td>\n<\/tr>\n<tr>\n<td><b>Matomo cookies:<\/b>\n\n<span style=\"font-weight: 400;\">_pk_ref<\/span>\n\n<span style=\"font-weight: 400;\">_pk_cvar<\/span>\n\n<span style=\"font-weight: 400;\">_pk_id<\/span>\n\n<span style=\"font-weight: 400;\">_pk_ses<\/span>\n\n<span style=\"font-weight: 400;\">mtm_cookie_consent<\/span>\n\n<span style=\"font-weight: 400;\">(etc)<\/span><\/td>\n<td><span style=\"font-weight: 400;\">measurement<\/span><\/td>\n<td><span style=\"font-weight: 400;\">from 30 minutes to 13 months<\/span><\/td>\n<td><span style=\"font-weight: 400;\">First-party<\/span><\/td>\n<td><span style=\"font-weight: 400;\">First-party cookies used by the Matomo analytics system, which are used to track user interaction with the website and collect data on their browsing behavior anonymously.<\/span>\n\n<span style=\"font-weight: 400;\">* Further information about Matomo&#8217;s use of cookies: https:\/\/matomo.org\/faq\/general\/faq_146\/<\/span><\/td>\n<\/tr>\n<\/tbody>\n<\/table>\n<ul>\n \t<li><b> Third party cookies<\/b><span style=\"font-weight: 400;\">: this website uses third-party cookies. The entity responsible for these cookies is different from the publisher of this website which processes the data obtained through these cookies, and generally, they are sent to the user&#8217;s terminal equipment from a computer or domain that is not managed by the publisher, but by another entity. <\/span><\/li>\n<\/ul>\n<span style=\"font-weight: 400;\">Below is a table with the third party Cookies used on this website, indicating the purposes of the same. You can find out about transfers to third countries which, where applicable, are carried out by the third parties identified in this cookie table in their respective policies (see links provided in the following cookie table)<\/span>\n<table>\n<thead>\n<tr>\n<th><span style=\"font-weight: 400;\">Third party cookies <\/span><\/th>\n<th><span style=\"font-weight: 400;\">Purpose<\/span><\/th>\n<th><span style=\"font-weight: 400;\">Expiry<\/span><\/th>\n<th><span style=\"font-weight: 400;\">Ownership<\/span><\/th>\n<th><span style=\"font-weight: 400;\">Description<\/span><\/th>\n<\/tr>\n<tr>\n<th><b>Google Analytics Cookies: <\/b>\n\n<span style=\"font-weight: 400;\">_ga _ga_&lt;container-id&gt;<\/span>\n\n<span style=\"font-weight: 400;\">_gid<\/span>\n\n<span style=\"font-weight: 400;\">_gat<\/span>\n\n<span style=\"font-weight: 400;\">(etc)<\/span><\/th>\n<th><span style=\"font-weight: 400;\">measurement<\/span><\/th>\n<th><span style=\"font-weight: 400;\">from 24 hours to 2 years<\/span><\/th>\n<th><span style=\"font-weight: 400;\">Google<\/span><\/th>\n<th><span style=\"font-weight: 400;\">Cookies that are used to generate a unique user identifier (no IP is sent), for analytical and measurement purposes with Google Analytics 4. <\/span>\n\n<span style=\"font-weight: 400;\">* Further information about the use of Google Analytics cookies at the following websites: https:\/\/policies.google.com\/technologies\/cookies?hl=es<\/span><\/th>\n<\/tr>\n<tr>\n<th><b>Hotjar Cookies: <\/b>\n\n<span style=\"font-weight: 400;\">_hjSessionUser_{site_id}<\/span>\n\n<span style=\"font-weight: 400;\">_hjid<\/span>\n\n<span style=\"font-weight: 400;\">_hjFirstSeen<\/span>\n\n<span style=\"font-weight: 400;\">_hjHasCachedUserAttributes<\/span>\n\n<span style=\"font-weight: 400;\">_hjUserAttributesHash<\/span>\n\n<span style=\"font-weight: 400;\">_hj*<\/span>\n\n<span style=\"font-weight: 400;\">(etc)<\/span><\/th>\n<th><span style=\"font-weight: 400;\">measurement<\/span><\/th>\n<th><span style=\"font-weight: 400;\">30 minutes to 1 year<\/span><\/th>\n<th><span style=\"font-weight: 400;\">Hotjar<\/span><\/th>\n<th><span style=\"font-weight: 400;\">Cookies use the Hotjar heatmap service when the Hotjar Tracking Code has been read to ensure its correct functioning.<\/span>\n\n<span style=\"font-weight: 400;\">* Further information about Hotjar&#8217;s use of cookies on the Cookies Set by the Hotjar Tracking Code page: https:\/\/help.hotjar.com\/hc\/en-us\/articles\/6952777582999<\/span><\/th>\n<\/tr>\n<tr>\n<th><b>ReCAPTCHA Google Cookies:<\/b>\n\n<span style=\"font-weight: 400;\">_GRECAPTCHA<\/span><\/th>\n<th><span style=\"font-weight: 400;\">technical<\/span><\/th>\n<th><span style=\"font-weight: 400;\">session<\/span><\/th>\n<th><span style=\"font-weight: 400;\">Google<\/span><\/th>\n<th><span style=\"font-weight: 400;\">reCAPTCHA sets a necessary technical cookie when it runs in order to provide its risk analysis.<\/span>\n\n<span style=\"font-weight: 400;\">* Further information at https:\/\/developers.google.com\/recaptcha\/docs\/faq?hl=es-419#does -recaptcha-use-cookies<\/span><\/th>\n<\/tr>\n<tr>\n<th><b>YouTube Cookies <\/b><\/th>\n<th><span style=\"font-weight: 400;\">Preference or personalisation cookies<\/span><\/th>\n<th><span style=\"font-weight: 400;\">session<\/span><\/th>\n<th><span style=\"font-weight: 400;\">Google<\/span><\/th>\n<th><span style=\"font-weight: 400;\">They are used to record the user&#8217;s video player preferences when viewing embedded YouTube videos.<\/span><\/th>\n<\/tr>\n<tr>\n<th><b>Google Ads Cookies<\/b>\n\n<span style=\"font-weight: 400;\">_gcl_au, etc<\/span><\/th>\n<th><span style=\"font-weight: 400;\">advertising<\/span><\/th>\n<th><span style=\"font-weight: 400;\">90 days<\/span><\/th>\n<th><span style=\"font-weight: 400;\">Google<\/span><\/th>\n<th><span style=\"font-weight: 400;\">Google Ads advertising cookie. <\/span>\n\n<span style=\"font-weight: 400;\">* Further information at https:\/\/business.safety.google\/adscookies\/<\/span><\/th>\n<\/tr>\n<tr>\n<th><b>Facebook (Meta) Pixel Cookies<\/b>\n\n<b>Facebook <\/b>\n\n<span style=\"font-weight: 400;\">fbp<\/span>\n\n<span style=\"font-weight: 400;\">(etc)<\/span><\/th>\n<th><span style=\"font-weight: 400;\"> analysis and advertising <\/span><\/th>\n<th><span style=\"font-weight: 400;\">session<\/span><\/th>\n<th><span style=\"font-weight: 400;\">Meta<\/span><\/th>\n<th><span style=\"font-weight: 400;\">Meta cookies for analytical and advertising purposes.<\/span>\n\n<span style=\"font-weight: 400;\">* https:\/\/www.facebook.com\/business\/help\/471978536642445?id=12 05376682832142<\/span><\/th>\n<\/tr>\n<tr>\n<th><b>Microsoft Bing Ads Cookies<\/b>\n\n<span style=\"font-weight: 400;\">_uetsid<\/span>\n\n<span style=\"font-weight: 400;\">_uetvid<\/span><\/th>\n<th><span style=\"font-weight: 400;\">advertising<\/span><\/th>\n<th><span style=\"font-weight: 400;\">30 minutes to 11 months <\/span><\/th>\n<th><span style=\"font-weight: 400;\">Microsoft<\/span><\/th>\n<th><span style=\"font-weight: 400;\">Cookies que utiliza Microsoft Bing Ads. Microsoft Advertising se asegura que toda informaci\u00f3n recogida ser\u00e1 an\u00f3nima y no se puede usar para identificarte.<\/span>\n\n<span style=\"font-weight: 400;\">* Directiva de privacidad de Microsoft Advertising: https:\/\/about.ads.microsoft.com\/es-es\/recursos\/directivas\/directiva-privacidad<\/span><\/th>\n<\/tr>\n<tr>\n<th><b>Linkedin Insight Tag Cookies<\/b>\n\n<span style=\"font-weight: 400;\">lms_ads<\/span>\n\n<span style=\"font-weight: 400;\">UserMatchHistory<\/span>\n\n<span style=\"font-weight: 400;\">li_sugr<\/span>\n\n<span style=\"font-weight: 400;\">(etc)<\/span><\/th>\n<th><span style=\"font-weight: 400;\">analysis and advertising<\/span><\/th>\n<th><span style=\"font-weight: 400;\">session and up to 1 year <\/span><\/th>\n<th><span style=\"font-weight: 400;\">Linkedin <\/span><\/th>\n<th><span style=\"font-weight: 400;\">LinkedIn Insight Tag uses cookies for analysis and measurement purposes and LinkedIn behavioural advertising.<\/span>\n\n<span style=\"font-weight: 400;\">* LinkedIn cookie table: https:\/\/es.linkedin.com\/legal\/l\/cookie-table?#personalizedadvertising<\/span><\/th>\n<\/tr>\n<\/thead>\n<\/table>\n<h2><b>Acceptance of cookies<\/b><\/h2>\n<span style=\"font-weight: 400;\">The installation of cookies that require consent shall occur after obtaining user consent. <\/span>\n\n<span style=\"font-weight: 400;\">We consider that we have obtained said consent if the user accepts by clicking the Accept button of the cookies notice or from the Cookies Configuration Panel, without the mere fact of continuing to view the screen, move the mouse, press a key on the keyboard or view the Cookies Policy or the Privacy Policy being regarded as acceptance of the enabling of cookies.<\/span>\n<h2><b>How can you configure your Cookies?<\/b><\/h2>\n<span style=\"font-weight: 400;\">On the upper part of this Cookies Policy document we provide you with a system that offers the possibility of rejecting or accepting cookies which require consent, either all of them or in a granular manner via a settings panel which can also be accessed by clicking here. <\/span>\n\n<span style=\"font-weight: 400;\">You, as a user, also have the possibility of exercising your right to block, delete and reject the use of Cookies at any time by modifying your browser options. For example: <\/span>\n<ol>\n \t<li><b> Internet Explorer: <\/b><span style=\"font-weight: 400;\">Tools &gt; Internet Options &gt; Privacy &gt; Settings.<\/span><\/li>\n<\/ol>\n<span style=\"font-weight: 400;\">For further information, you can consult Microsoft support or browser Help. <\/span>\n<ol start=\"2\">\n \t<li><b> Mozilla Firefox:<\/b><span style=\"font-weight: 400;\">Tools &gt; Options &gt; Privacy &gt; History &gt; Custom Settings.<\/span><\/li>\n<\/ol>\n<span style=\"font-weight: 400;\">For further information, you can consult Mozilla support or browser Help. <\/span>\n<ol start=\"3\">\n \t<li><b> Google Chrome<\/b><span style=\"font-weight: 400;\">: Settings &gt; Show advanced options &gt; Privacy -&gt; Content settings.<\/span><\/li>\n<\/ol>\n<span style=\"font-weight: 400;\">For further information, you can consult Google support or browser Help. <\/span>\n<ol start=\"4\">\n \t<li><b> Safari<\/b><span style=\"font-weight: 400;\">: Preferences &gt; Security.<\/span><\/li>\n<\/ol>\n<span style=\"font-weight: 400;\">For further information, you can consult Apple support or browser Help. <\/span>\n<ol start=\"5\">\n \t<li><b> Opera<\/b><span style=\"font-weight: 400;\">: Settings &gt; Options &gt; Advanced &gt; Cookies<\/span><\/li>\n<\/ol>\n<span style=\"font-weight: 400;\">For further information, you can consult Opera support or browser Help. <\/span>\n\n<span style=\"font-weight: 400;\">If you use a browser other than the above, consult its cookie installation, use and blocking policy.<\/span>\n<h2><b>What happens if Cookies are disabled?<\/b><\/h2>\n<span style=\"font-weight: 400;\">Some features of the Services or areas of this website may not function properly.<\/span>\n<h2><b>Have we updated our Cookies policy?<\/b><\/h2>\n<span style=\"font-weight: 400;\">We can update the Cookies policy of our website, therefore, we would recommend you to review this policy every time you access our website in order to be properly informed about how and why we use Cookies.<\/span>\n\n<span style=\"font-weight: 400;\">Date of last change: March 18, 2024<\/span>\t\t\t\t\t\t\t\t<\/div>\n\t\t\t\t\t<\/div>\n\t\t<\/div>\n\t\t\t\t\t<\/div>\n\t\t<\/section>\n\t\t\t\t<\/div>\n\t\t","protected":false},"excerpt":{"rendered":"<p>Cookie Policy This website uses cookies In compliance with Law 34\/2002 of 11 July on Information Society Services and e-Commerce (LSSI), we hereby inform you that this website Web soyinquieto.com, like most sites online, uses Cookies in order to provide a better service and provide you with a better browsing experience. Below you will find [&hellip;]<\/p>\n","protected":false},"author":1,"featured_media":0,"parent":0,"menu_order":0,"comment_status":"closed","ping_status":"closed","template":"","meta":{"_acf_changed":false,"inline_featured_image":false,"_joinchat":[],"footnotes":""},"class_list":["post-19609","page","type-page","status-publish","hentry"],"acf":[],"_links":{"self":[{"href":"https:\/\/www.soyinquieto.com\/en\/wp-json\/wp\/v2\/pages\/19609","targetHints":{"allow":["GET"]}}],"collection":[{"href":"https:\/\/www.soyinquieto.com\/en\/wp-json\/wp\/v2\/pages"}],"about":[{"href":"https:\/\/www.soyinquieto.com\/en\/wp-json\/wp\/v2\/types\/page"}],"author":[{"embeddable":true,"href":"https:\/\/www.soyinquieto.com\/en\/wp-json\/wp\/v2\/users\/1"}],"replies":[{"embeddable":true,"href":"https:\/\/www.soyinquieto.com\/en\/wp-json\/wp\/v2\/comments?post=19609"}],"version-history":[{"count":0,"href":"https:\/\/www.soyinquieto.com\/en\/wp-json\/wp\/v2\/pages\/19609\/revisions"}],"wp:attachment":[{"href":"https:\/\/www.soyinquieto.com\/en\/wp-json\/wp\/v2\/media?parent=19609"}],"curies":[{"name":"wp","href":"https:\/\/api.w.org\/{rel}","templated":true}]}}