{"id":18536,"date":"2024-04-16T07:38:43","date_gmt":"2024-04-16T07:38:43","guid":{"rendered":"https:\/\/www.soyinquieto.com\/aluguer-2\/aluguer-de-carrinhas-electricas\/"},"modified":"2025-02-03T12:25:02","modified_gmt":"2025-02-03T12:25:02","slug":"aluguer-de-carrinhas-electricas","status":"publish","type":"page","link":"https:\/\/www.soyinquieto.com\/pt\/aluguer-2\/aluguer-de-carrinhas-electricas\/","title":{"rendered":"Aluguer de carrinhas el\u00e9ctricas"},"content":{"rendered":"<p><img loading=\"lazy\" decoding=\"async\" width=\"262\" height=\"376\" src=\"https:\/\/www.soyinquieto.com\/wp-content\/uploads\/2023\/01\/deco02-1.png\" alt=\"- -\" loading=\"lazy\" srcset=\"https:\/\/www.soyinquieto.com\/wp-content\/uploads\/2023\/01\/deco02-1.png 262w, https:\/\/www.soyinquieto.com\/wp-content\/uploads\/2023\/01\/deco02-1-209x300.png 209w\" sizes=\"auto, (max-width: 262px) 100vw, 262px\" title=\"- -\">\t\t\t\t\t\t\t\t\t\t\t\t\t\t\t<\/p>\n<nav aria-label=\"breadcrumbs\">\n<p>Home<\/p>\n<\/nav>\n<h1>Aluguer de curta dura\u00e7\u00e3o de carrinhas el\u00e9ctricas<\/h1>\n<p>E<b>servi\u00e7o de aluguer de carrinhas el\u00e9ctricas de curta dura\u00e7\u00e3o \u00e9 ideal para as empresas que pretendem externalizar a gest\u00e3o de uma frota sustent\u00e1vel e de grande capacidade, sem ter de suportar os custos directos. <\/b>\u00e9 ideal para as empresas que pretendem externalizar a gest\u00e3o de uma frota sustent\u00e1vel e de grande capacidade sem ter de suportar os custos directos.<\/p>\n<p>O aluguer tempor\u00e1rio oferece a possibilidade de uma gest\u00e3o profissional externa dos seus ve\u00edculos, uma adaptabilidade constante \u00e0 evolu\u00e7\u00e3o das necessidades da sua empresa e a possibilidade de mudar de ve\u00edculo em fun\u00e7\u00e3o das necessidades.<\/p>\n<p>Acede a carrinhas el\u00e9ctricas rapidamente e sem compromissos de tempo para satisfazer as tuas necessidades de mobilidade tempor\u00e1ria com o nosso servi\u00e7o de aluguer de curto prazo totalmente flex\u00edvel e personaliz\u00e1vel.<\/p>\n<p>Confia numa <b>solu\u00e7\u00e3o vers\u00e1til<\/b>ideal para qualquer empresa ou sector, mas particularmente valiosa para <b>pequenas empresas <\/b>que procuram evitar despesas adicionais e querem concentrar-se totalmente nas suas opera\u00e7\u00f5es.<\/p>\n<p>\t\t\t\t\t\t\t\t\t\t\t\t\t\t\t<img loading=\"lazy\" decoding=\"async\" width=\"708\" height=\"544\" src=\"https:\/\/www.soyinquieto.com\/wp-content\/uploads\/2023\/01\/preview-centro-metro.png\" alt=\"- -\" loading=\"lazy\" srcset=\"https:\/\/www.soyinquieto.com\/wp-content\/uploads\/2023\/01\/preview-centro-metro.png 708w, https:\/\/www.soyinquieto.com\/wp-content\/uploads\/2023\/01\/preview-centro-metro-400x307.png 400w, https:\/\/www.soyinquieto.com\/wp-content\/uploads\/2023\/01\/preview-centro-metro-300x231.png 300w\" sizes=\"auto, (max-width: 708px) 100vw, 708px\" title=\"- -\">\t\t\t\t\t\t\t\t\t\t\t\t\t\t\t<\/p>\n<p>Pedido de informa\u00e7\u00e3o<\/p>\n\n<div class=\"wpcf7 no-js\" id=\"wpcf7-f21102-o1\" lang=\"pt-PT\" dir=\"ltr\" data-wpcf7-id=\"21102\">\n<div class=\"screen-reader-response\"><p role=\"status\" aria-live=\"polite\" aria-atomic=\"true\"><\/p> <ul><\/ul><\/div>\n<form action=\"\/pt\/wp-json\/wp\/v2\/pages\/18536#wpcf7-f21102-o1\" method=\"post\" class=\"wpcf7-form init wpcf7-acceptance-as-validation\" aria-label=\"Formul\u00e1rio de contacto\" novalidate=\"novalidate\" data-status=\"init\">\n<fieldset class=\"hidden-fields-container\"><input type=\"hidden\" name=\"_wpcf7\" value=\"21102\" \/><input type=\"hidden\" name=\"_wpcf7_version\" value=\"6.1.5\" \/><input type=\"hidden\" name=\"_wpcf7_locale\" value=\"pt_PT\" \/><input type=\"hidden\" name=\"_wpcf7_unit_tag\" value=\"wpcf7-f21102-o1\" \/><input type=\"hidden\" name=\"_wpcf7_container_post\" value=\"0\" \/><input type=\"hidden\" name=\"_wpcf7_posted_data_hash\" value=\"\" \/><input type=\"hidden\" name=\"_wpcf7_recaptcha_response\" value=\"\" \/>\n<\/fieldset>\n<div class=\"lateral\">\n\t<p><span class=\"wpcf7-form-control-wrap\" data-name=\"nombre\"><input size=\"40\" maxlength=\"400\" class=\"wpcf7-form-control wpcf7-text wpcf7-validates-as-required\" autocomplete=\"name\" aria-required=\"true\" aria-invalid=\"false\" placeholder=\"Nome\" value=\"\" type=\"text\" name=\"nombre\" \/><\/span>\n\t<\/p>\n\t<p><span class=\"wpcf7-form-control-wrap\" data-name=\"correo\"><input size=\"40\" maxlength=\"400\" class=\"wpcf7-form-control wpcf7-email wpcf7-validates-as-required wpcf7-text wpcf7-validates-as-email\" autocomplete=\"email\" aria-required=\"true\" aria-invalid=\"false\" placeholder=\"Correio eletr\u00f3nico\" value=\"\" type=\"email\" name=\"correo\" \/><\/span>\n\t<\/p>\n\t<p><span class=\"wpcf7-form-control-wrap\" data-name=\"telefono\"><input size=\"40\" maxlength=\"400\" class=\"wpcf7-form-control wpcf7-tel wpcf7-validates-as-required wpcf7-text wpcf7-validates-as-tel\" autocomplete=\"tel\" aria-required=\"true\" aria-invalid=\"false\" placeholder=\"Telefone\" value=\"\" type=\"tel\" name=\"telefono\" \/><\/span>\n\t<\/p>\n\t<p><span class=\"wpcf7-form-control-wrap\" data-name=\"mensaje\"><textarea cols=\"40\" rows=\"10\" maxlength=\"2000\" class=\"wpcf7-form-control wpcf7-textarea\" aria-invalid=\"false\" placeholder=\"Mensagem\" name=\"mensaje\"><\/textarea><\/span>\n\t<\/p>\n\t<p><span class=\"wpcf7-form-control-wrap\" data-name=\"politica-privacidad\"><span class=\"wpcf7-form-control wpcf7-acceptance\"><span class=\"wpcf7-list-item\"><label><input type=\"checkbox\" name=\"politica-privacidad\" value=\"1\" aria-invalid=\"false\" \/><span class=\"wpcf7-list-item-label\">Li e aceito as <a href=\"https:\/\/www.soyinquieto.com\/politica-de-privacidad\/\">condi\u00e7\u00f5es legais<\/a><\/span><\/label><\/span><\/span><\/span>\n\t<\/p>\n<input class=\"wpcf7-form-control wpcf7-hidden\" value=\"Org\u00e1nico\/Directo\" type=\"hidden\" name=\"cadena_procedencia_lead_form\" \/>\n<input class=\"wpcf7-form-control wpcf7-hidden\" value=\"\" type=\"hidden\" name=\"url_formulario\" \/>\n\t<p><input class=\"wpcf7-form-control wpcf7-submit has-spinner\" type=\"submit\" value=\"Enviar\" \/>\n\t<\/p>\n<\/div><div class=\"wpcf7-response-output\" aria-hidden=\"true\"><\/div>\n<\/form>\n<\/div>\n\n<h2>Aluguer de curta dura\u00e7\u00e3o de carrinhas el\u00e9ctricas para empresas<\/h2>\n<p>Est\u00e1s interessado em receber orienta\u00e7\u00f5es sobre as carrinhas el\u00e9ctricas mais adequadas para alugueres de curta dura\u00e7\u00e3o? Escolhe com a Inquieto os ve\u00edculos que ir\u00e3o aumentar a efici\u00eancia e a rentabilidade das desloca\u00e7\u00f5es da tua empresa: estamos prontos para te ajudar a selecionar os ve\u00edculos adequados para a tua empresa.  <b>modelos que melhor se adaptam \u00e0s tuas necessidades<\/b> do nosso vasto cat\u00e1logo.<\/p>\n<p>Dedicamo-nos a conhecer a fundo as tuas necessidades, escolhemos as carrinhas el\u00e9ctricas de aluguer ideais para ti, preparamo-las, gerimo-las e oferecemos-te um or\u00e7amento \u00e0 medida para o per\u00edodo em que as vais utilizar.<b> e oferecemos-te um or\u00e7amento \u00e0 medida para o per\u00edodo de utiliza\u00e7\u00e3o.<\/b>r. Tratamos tamb\u00e9m de toda a documenta\u00e7\u00e3o necess\u00e1ria, seguros, troca de ve\u00edculos&#8230; E prestamos um servi\u00e7o de manuten\u00e7\u00e3o completo.<\/p>\n<p>As carrinhas el\u00e9ctricas de aluguer da Inquieto s\u00e3o a chave para alcan\u00e7ar uma mobilidade 100% sustent\u00e1vel<b> Mobilidade 100% sustent\u00e1vel<\/b>. N\u00e3o utilizam gasolina ou gas\u00f3leo, o que significa que t\u00eam custos de funcionamento e manuten\u00e7\u00e3o mais baixos, oferecem uma condu\u00e7\u00e3o suave, cumprem todas as leis ambientais&#8230;<\/p>\n<figure><img decoding=\"async\" src=\"https:\/\/www.soyinquieto.com\/wp-content\/uploads\/2023\/05\/superinquieto-6.webp\" alt=\"superinquieto-6\" title=\"- -\"><\/figure>\n<figure><img decoding=\"async\" src=\"https:\/\/www.soyinquieto.com\/wp-content\/uploads\/2023\/02\/superinquieto-5.jpg\" alt=\"superinquieto-5\" title=\"- -\"><\/figure>\n<figure><img decoding=\"async\" src=\"https:\/\/www.soyinquieto.com\/wp-content\/uploads\/2023\/02\/superinquieto-3.jpg\" alt=\"superinquieto-3\" title=\"- -\"><\/figure>\n<figure><img decoding=\"async\" src=\"https:\/\/www.soyinquieto.com\/wp-content\/uploads\/2023\/02\/superinquieto-2.jpg\" alt=\"superinquieto-2\" title=\"- -\"><\/figure>\n<p>Oferecemos-te um <b>um servi\u00e7o totalmente personalizado<\/b>. Dispomos de uma frota de mais de 3400 ve\u00edculos el\u00e9ctricos, 58 delega\u00e7\u00f5es em Espanha e Portugal e mais de 300 oficinas em toda a pen\u00ednsula para garantir o melhor servi\u00e7o poss\u00edvel.<\/p>\n<h3>Aluguer de carrinhas el\u00e9ctricas para diferentes sectores<\/h3>\n<p>Na nossa oferta de aluguer de curta dura\u00e7\u00e3o, encontrar\u00e1s uma vasta sele\u00e7\u00e3o de carrinhas el\u00e9ctricas prontas a satisfazer as exig\u00eancias de transporte em qualquer sector.<\/p>\n<p>Dispomos de carrinhas equipadas para tarefas que v\u00e3o desde  <b>transporte de documentos e encomendas  <\/b>no \u00e2mbito do servi\u00e7o p\u00fablico ou da  <b>transfer\u00eancia de materiais<\/b>  entre as \u00e1reas de produ\u00e7\u00e3o da ind\u00fastria, at\u00e9 \u00e0 realiza\u00e7\u00e3o de  <b>entregas eficientes de \u00faltima milha ou no dom\u00ednio da entrega de alimentos<\/b>O ve\u00edculo pode ser equipado com uma gama de op\u00e7\u00f5es de equipamentos isot\u00e9rmicos, garantindo sempre a integridade das mercadorias.<\/p>\n<p>As nossas carrinhas el\u00e9ctricas para aluguer de curta dura\u00e7\u00e3o tamb\u00e9m se caracterizam pela sua consider\u00e1vel capacidade de carga e pelos compartimentos ajust\u00e1veis. <b>grande capacidade de carga e compartimentos de arruma\u00e7\u00e3o regul\u00e1veis<\/b>Oferecem tamb\u00e9m uma grande autonomia de utiliza\u00e7\u00e3o e velocidades \u00f3ptimas.<\/p>\n<p>\t\t\t\t\tSector industrial <img decoding=\"async\" width=\"25\" src=\"\/wp-content\/uploads\/2023\/02\/icon-right-thin.svg\" alt=\"- -\" title=\"- -\"><br \/>\n\t\t\t\t\t\u00daltimo quil\u00f3metro  <img decoding=\"async\" width=\"25\" src=\"\/wp-content\/uploads\/2023\/02\/icon-right-thin.svg\" alt=\"- -\" title=\"- -\"><br \/>\n\t\t\t\t\tServi\u00e7o p\u00fablico  <img decoding=\"async\" width=\"25\" src=\"\/wp-content\/uploads\/2023\/02\/icon-right-thin.svg\" alt=\"- -\" title=\"- -\"><br \/>\n\t\t\t\t\tLazer  <img decoding=\"async\" width=\"25\" src=\"\/wp-content\/uploads\/2023\/02\/icon-right-thin.svg\" alt=\"- -\" title=\"- -\"><br \/>\n\t\t\t\t\tEntrega de alimentos  <img decoding=\"async\" width=\"25\" src=\"\/wp-content\/uploads\/2023\/02\/icon-right-thin.svg\" alt=\"- -\" title=\"- -\"><br \/>\n\t\t\t\t\tServi\u00e7os <img decoding=\"async\" width=\"25\" src=\"\/wp-content\/uploads\/2023\/02\/icon-right-thin.svg\" alt=\"- -\" title=\"- -\"><br \/>\n\t\t\t\t\tMobilidade  <img decoding=\"async\" width=\"25\" src=\"\/wp-content\/uploads\/2023\/02\/icon-right-thin.svg\" alt=\"- -\" title=\"- -\"><br \/>\n\t\t\t\t\tRestaura\u00e7\u00e3o  <img decoding=\"async\" width=\"25\" src=\"\/wp-content\/uploads\/2023\/02\/icon-right-thin.svg\" alt=\"- -\" title=\"- -\">\t\t\t\t<\/p>\n<h3>Vantagens do aluguer de carrinhas el\u00e9ctricas a curto prazo<br \/>\n<\/h3>\n<p>Escolher um furg\u00e3o el\u00e9trico para aluguer de curta dura\u00e7\u00e3o significa optar por uma op\u00e7\u00e3o sustent\u00e1vel com grande capacidade de carga e f\u00e1cil manobrabilidade na cidade.<b> grande capacidade de carga e f\u00e1cil manobrabilidade na cidade, ao contr\u00e1rio das carrinhas a combust\u00edvel ou dos grandes cami\u00f5es.<\/b>ao contr\u00e1rio das carrinhas a combust\u00edvel ou dos grandes cami\u00f5es.<\/p>\n<p>Com o aluguer dos nossos furg\u00f5es el\u00e9ctricos compactos, poder\u00e1s<b> aceder a espa\u00e7os estreitos de forma r\u00e1pida e segura<\/b>transportar cargas volumosas que os ve\u00edculos mais pequenos n\u00e3o conseguem suportar. S\u00e3o adequados para qualquer sector, oferecendo as vantagens de um motor totalmente el\u00e9trico.<\/p>\n<p>Ao optar pelo aluguer para atualizar a sua frota, poder\u00e1 modificar os seus ve\u00edculos conforme as necessidades da sua empresa ou mud\u00e1-los quando necess\u00e1rio. Receber\u00e1s tamb\u00e9m  <b>aconselhamento especializado<\/b> para tirar o m\u00e1ximo partido do teu desempenho, gest\u00e3o de toda a documenta\u00e7\u00e3o necess\u00e1ria e beneficiar\u00e1s de um servi\u00e7o completo de<b> servi\u00e7o de manuten\u00e7\u00e3o completo<\/b>.<\/p>\n<p>A <b>redu\u00e7\u00e3o de custos <\/b> \u00e9 uma das principais vantagens de alugar carrinhas el\u00e9ctricas a curto prazo em vez de as comprar. Ao alugar, obt\u00e9m uma gest\u00e3o de frota sem complica\u00e7\u00f5es, poupa dinheiro, reduz os custos adicionais e liberta-se de preocupa\u00e7\u00f5es.<\/p>\n<p>COMPRAR<\/p>\n<ul>\n<li>\n\t\t\t\t\t\t\t<svg aria-hidden=\"true\" viewBox=\"0 0 512 512\" xmlns=\"http:\/\/www.w3.org\/2000\/svg\"><path d=\"M256 8c137 0 248 111 248 248S393 504 256 504 8 393 8 256 119 8 256 8zM140 300h116v70.9c0 10.7 13 16.1 20.5 8.5l114.3-114.9c4.7-4.7 4.7-12.2 0-16.9l-114.3-115c-7.6-7.6-20.5-2.2-20.5 8.5V212H140c-6.6 0-12 5.4-12 12v64c0 6.6 5.4 12 12 12z\"><\/path><\/svg><br \/>\n\t\t\t\t\t\t\t\t\t\tFrota pr\u00f3pria\n\t\t\t\t\t\t\t\t\t<\/li>\n<li>\n\t\t\t\t\t\t\t<svg aria-hidden=\"true\" viewBox=\"0 0 512 512\" xmlns=\"http:\/\/www.w3.org\/2000\/svg\"><path d=\"M256 8c137 0 248 111 248 248S393 504 256 504 8 393 8 256 119 8 256 8zM140 300h116v70.9c0 10.7 13 16.1 20.5 8.5l114.3-114.9c4.7-4.7 4.7-12.2 0-16.9l-114.3-115c-7.6-7.6-20.5-2.2-20.5 8.5V212H140c-6.6 0-12 5.4-12 12v64c0 6.6 5.4 12 12 12z\"><\/path><\/svg><br \/>\n\t\t\t\t\t\t\t\t\t\tTu flota, tus decisiones\n\t\t\t\t\t\t\t\t\t<\/li>\n<li>\n\t\t\t\t\t\t\t<svg aria-hidden=\"true\" viewBox=\"0 0 512 512\" xmlns=\"http:\/\/www.w3.org\/2000\/svg\"><path d=\"M256 8c137 0 248 111 248 248S393 504 256 504 8 393 8 256 119 8 256 8zM140 300h116v70.9c0 10.7 13 16.1 20.5 8.5l114.3-114.9c4.7-4.7 4.7-12.2 0-16.9l-114.3-115c-7.6-7.6-20.5-2.2-20.5 8.5V212H140c-6.6 0-12 5.4-12 12v64c0 6.6 5.4 12 12 12z\"><\/path><\/svg><br \/>\n\t\t\t\t\t\t\t\t\t\tFazem parte dos activos da empresa\n\t\t\t\t\t\t\t\t\t<\/li>\n<li>\n\t\t\t\t\t\t\t<svg aria-hidden=\"true\" viewBox=\"0 0 512 512\" xmlns=\"http:\/\/www.w3.org\/2000\/svg\"><path d=\"M256 8c137 0 248 111 248 248S393 504 256 504 8 393 8 256 119 8 256 8zM140 300h116v70.9c0 10.7 13 16.1 20.5 8.5l114.3-114.9c4.7-4.7 4.7-12.2 0-16.9l-114.3-115c-7.6-7.6-20.5-2.2-20.5 8.5V212H140c-6.6 0-12 5.4-12 12v64c0 6.6 5.4 12 12 12z\"><\/path><\/svg><br \/>\n\t\t\t\t\t\t\t\t\t\tN\u00e3o h\u00e1 substitui\u00e7\u00e3o de ve\u00edculos\n\t\t\t\t\t\t\t\t\t<\/li>\n<li>\n\t\t\t\t\t\t\t<svg aria-hidden=\"true\" viewBox=\"0 0 512 512\" xmlns=\"http:\/\/www.w3.org\/2000\/svg\"><path d=\"M256 8c137 0 248 111 248 248S393 504 256 504 8 393 8 256 119 8 256 8zM140 300h116v70.9c0 10.7 13 16.1 20.5 8.5l114.3-114.9c4.7-4.7 4.7-12.2 0-16.9l-114.3-115c-7.6-7.6-20.5-2.2-20.5 8.5V212H140c-6.6 0-12 5.4-12 12v64c0 6.6 5.4 12 12 12z\"><\/path><\/svg><br \/>\n\t\t\t\t\t\t\t\t\t\tPossibilidade de manuten\u00e7\u00e3o inclu\u00edda\n\t\t\t\t\t\t\t\t\t<\/li>\n<li>\n\t\t\t\t\t\t\t<svg aria-hidden=\"true\" viewBox=\"0 0 512 512\" xmlns=\"http:\/\/www.w3.org\/2000\/svg\"><path d=\"M256 8c137 0 248 111 248 248S393 504 256 504 8 393 8 256 119 8 256 8zM140 300h116v70.9c0 10.7 13 16.1 20.5 8.5l114.3-114.9c4.7-4.7 4.7-12.2 0-16.9l-114.3-115c-7.6-7.6-20.5-2.2-20.5 8.5V212H140c-6.6 0-12 5.4-12 12v64c0 6.6 5.4 12 12 12z\"><\/path><\/svg><br \/>\n\t\t\t\t\t\t\t\t\t\tPara m\u00e9dias e grandes empresas\n\t\t\t\t\t\t\t\t\t<\/li>\n<\/ul>\n<p>ARRENDAMENTO<\/p>\n<ul>\n<li>\n\t\t\t\t\t\t\t<svg aria-hidden=\"true\" viewBox=\"0 0 512 512\" xmlns=\"http:\/\/www.w3.org\/2000\/svg\"><path d=\"M256 8c137 0 248 111 248 248S393 504 256 504 8 393 8 256 119 8 256 8zM140 300h116v70.9c0 10.7 13 16.1 20.5 8.5l114.3-114.9c4.7-4.7 4.7-12.2 0-16.9l-114.3-115c-7.6-7.6-20.5-2.2-20.5 8.5V212H140c-6.6 0-12 5.4-12 12v64c0 6.6 5.4 12 12 12z\"><\/path><\/svg><br \/>\n\t\t\t\t\t\t\t\t\t\tExternaliza\u00e7\u00e3o dos custos\n\t\t\t\t\t\t\t\t\t<\/li>\n<li>\n\t\t\t\t\t\t\t<svg aria-hidden=\"true\" viewBox=\"0 0 512 512\" xmlns=\"http:\/\/www.w3.org\/2000\/svg\"><path d=\"M256 8c137 0 248 111 248 248S393 504 256 504 8 393 8 256 119 8 256 8zM140 300h116v70.9c0 10.7 13 16.1 20.5 8.5l114.3-114.9c4.7-4.7 4.7-12.2 0-16.9l-114.3-115c-7.6-7.6-20.5-2.2-20.5 8.5V212H140c-6.6 0-12 5.4-12 12v64c0 6.6 5.4 12 12 12z\"><\/path><\/svg><br \/>\n\t\t\t\t\t\t\t\t\t\tGest\u00e3o externa da frota\n\t\t\t\t\t\t\t\t\t<\/li>\n<li>\n\t\t\t\t\t\t\t<svg aria-hidden=\"true\" viewBox=\"0 0 512 512\" xmlns=\"http:\/\/www.w3.org\/2000\/svg\"><path d=\"M256 8c137 0 248 111 248 248S393 504 256 504 8 393 8 256 119 8 256 8zM140 300h116v70.9c0 10.7 13 16.1 20.5 8.5l114.3-114.9c4.7-4.7 4.7-12.2 0-16.9l-114.3-115c-7.6-7.6-20.5-2.2-20.5 8.5V212H140c-6.6 0-12 5.4-12 12v64c0 6.6 5.4 12 12 12z\"><\/path><\/svg><br \/>\n\t\t\t\t\t\t\t\t\t\tN\u00e3o fazem parte do ativo da empresa\n\t\t\t\t\t\t\t\t\t<\/li>\n<li>\n\t\t\t\t\t\t\t<svg aria-hidden=\"true\" viewBox=\"0 0 512 512\" xmlns=\"http:\/\/www.w3.org\/2000\/svg\"><path d=\"M256 8c137 0 248 111 248 248S393 504 256 504 8 393 8 256 119 8 256 8zM140 300h116v70.9c0 10.7 13 16.1 20.5 8.5l114.3-114.9c4.7-4.7 4.7-12.2 0-16.9l-114.3-115c-7.6-7.6-20.5-2.2-20.5 8.5V212H140c-6.6 0-12 5.4-12 12v64c0 6.6 5.4 12 12 12z\"><\/path><\/svg><br \/>\n\t\t\t\t\t\t\t\t\t\tSubstitui\u00e7\u00e3o de ve\u00edculos\n\t\t\t\t\t\t\t\t\t<\/li>\n<li>\n\t\t\t\t\t\t\t<svg aria-hidden=\"true\" viewBox=\"0 0 512 512\" xmlns=\"http:\/\/www.w3.org\/2000\/svg\"><path d=\"M256 8c137 0 248 111 248 248S393 504 256 504 8 393 8 256 119 8 256 8zM140 300h116v70.9c0 10.7 13 16.1 20.5 8.5l114.3-114.9c4.7-4.7 4.7-12.2 0-16.9l-114.3-115c-7.6-7.6-20.5-2.2-20.5 8.5V212H140c-6.6 0-12 5.4-12 12v64c0 6.6 5.4 12 12 12z\"><\/path><\/svg><br \/>\n\t\t\t\t\t\t\t\t\t\tPossibilidade de manuten\u00e7\u00e3o inclu\u00edda\n\t\t\t\t\t\t\t\t\t<\/li>\n<li>\n\t\t\t\t\t\t\t<svg aria-hidden=\"true\" viewBox=\"0 0 512 512\" xmlns=\"http:\/\/www.w3.org\/2000\/svg\"><path d=\"M256 8c137 0 248 111 248 248S393 504 256 504 8 393 8 256 119 8 256 8zM140 300h116v70.9c0 10.7 13 16.1 20.5 8.5l114.3-114.9c4.7-4.7 4.7-12.2 0-16.9l-114.3-115c-7.6-7.6-20.5-2.2-20.5 8.5V212H140c-6.6 0-12 5.4-12 12v64c0 6.6 5.4 12 12 12z\"><\/path><\/svg><br \/>\n\t\t\t\t\t\t\t\t\t\tPara as pequenas empresas\n\t\t\t\t\t\t\t\t\t<\/li>\n<\/ul>\n<h3>Cuide do ambiente com as nossas carrinhas el\u00e9ctricas<\/h3>\n<p>Escolher uma carrinha Inquieto significa escolher um ve\u00edculo de emiss\u00f5es zero que se desloca livremente para qualquer lugar sem prejudicar o ambiente. Implica tamb\u00e9m uma grande  <b>poupan\u00e7a de custos<\/b>  pois n\u00e3o utiliza combust\u00edvel, al\u00e9m de ter baixos custos de manuten\u00e7\u00e3o e de funcionamento. A experi\u00eancia de condu\u00e7\u00e3o \u00e9 tamb\u00e9m mais silenciosa e agrad\u00e1vel, sem ru\u00eddos inc\u00f3modos.<\/p>\n<h4>Aluguer de carrinhas el\u00e9ctricas ao melhor pre\u00e7o<\/h4>\n<p>Interessado em adicionar carrinhas el\u00e9ctricas \u00e0 sua frota numa base de aluguer de curto prazo? Contacta-nos para receberes  <b>orienta\u00e7\u00e3o sobre as op\u00e7\u00f5es mais adequadas para a tua empresa<\/b>.<\/p>\n<p>Criamos <b>or\u00e7amentos \u00e0 medida<\/b> para nos adaptarmos perfeitamente \u00e0s necessidades de mobilidade de cada empresa, mantendo os nossos pre\u00e7os ao alcance das empresas que procuram controlar os seus custos sem se comprometerem com grandes investimentos.<\/p>\n<p>Oferecemos uma vasta gama de carrinhas totalmente sustent\u00e1veis, concebidas para melhorar a log\u00edstica de diferentes tipos de empresas. Na Inquieto ajudamos-te a escolher a melhor carrinha para integrar na tua frota e aconselhamos-te sobre como tirar o m\u00e1ximo partido dela.<\/p>\n<p>\t\t\t\t\t<a role=\"button\"><br \/>\n\t\t\t\t\t\t\t\t\tOnde estamos<br \/>\n\t\t\t\t\t<\/a><\/p>\n<h3>Pedido de informa\u00e7\u00e3o<\/h3>\n\n<div class=\"wpcf7 no-js\" id=\"wpcf7-f21122-o2\" lang=\"pt-PT\" dir=\"ltr\" data-wpcf7-id=\"21122\">\n<div class=\"screen-reader-response\"><p role=\"status\" aria-live=\"polite\" aria-atomic=\"true\"><\/p> <ul><\/ul><\/div>\n<form action=\"\/pt\/wp-json\/wp\/v2\/pages\/18536#wpcf7-f21122-o2\" method=\"post\" class=\"wpcf7-form init\" aria-label=\"Formul\u00e1rio de contacto\" novalidate=\"novalidate\" data-status=\"init\">\n<fieldset class=\"hidden-fields-container\"><input type=\"hidden\" name=\"_wpcf7\" value=\"21122\" \/><input type=\"hidden\" name=\"_wpcf7_version\" value=\"6.1.5\" \/><input type=\"hidden\" name=\"_wpcf7_locale\" value=\"pt_PT\" \/><input type=\"hidden\" name=\"_wpcf7_unit_tag\" value=\"wpcf7-f21122-o2\" \/><input type=\"hidden\" name=\"_wpcf7_container_post\" value=\"0\" \/><input type=\"hidden\" name=\"_wpcf7_posted_data_hash\" value=\"\" \/><input type=\"hidden\" name=\"_wpcf7_recaptcha_response\" value=\"\" \/>\n<\/fieldset>\n<div class=\"formulario-100\">\n\t<div class=\"form50\">\n\t\t<p><label>Nome<\/label><br \/>\n<span class=\"wpcf7-form-control-wrap\" data-name=\"nombre\"><input size=\"40\" maxlength=\"400\" class=\"wpcf7-form-control wpcf7-text wpcf7-validates-as-required\" autocomplete=\"name\" aria-required=\"true\" aria-invalid=\"false\" placeholder=\"Nome\" value=\"\" type=\"text\" name=\"nombre\" \/><\/span>\n\t\t<\/p>\n\t<\/div>\n\t<div class=\"form50\">\n\t\t<p><label>Apelido<\/label><br \/>\n<span class=\"wpcf7-form-control-wrap\" data-name=\"apellidos\"><input size=\"40\" maxlength=\"400\" class=\"wpcf7-form-control wpcf7-text wpcf7-validates-as-required\" aria-required=\"true\" aria-invalid=\"false\" placeholder=\"Apelido\" value=\"\" type=\"text\" name=\"apellidos\" \/><\/span>\n\t\t<\/p>\n\t<\/div>\n\t<div class=\"form50\">\n\t\t<p><label>Email<\/label><br \/>\n<span class=\"wpcf7-form-control-wrap\" data-name=\"correo\"><input size=\"40\" maxlength=\"400\" class=\"wpcf7-form-control wpcf7-email wpcf7-validates-as-required wpcf7-text wpcf7-validates-as-email\" autocomplete=\"email\" aria-required=\"true\" aria-invalid=\"false\" placeholder=\"Email\" value=\"\" type=\"email\" name=\"correo\" \/><\/span>\n\t\t<\/p>\n\t<\/div>\n\t<div class=\"form50\">\n\t\t<p><label>Telefone<\/label><br \/>\n<span class=\"wpcf7-form-control-wrap\" data-name=\"telefono\"><input size=\"40\" maxlength=\"400\" class=\"wpcf7-form-control wpcf7-tel wpcf7-validates-as-required wpcf7-text wpcf7-validates-as-tel\" autocomplete=\"tel\" aria-required=\"true\" aria-invalid=\"false\" placeholder=\"Telefone\" value=\"\" type=\"tel\" name=\"telefono\" \/><\/span>\n\t\t<\/p>\n\t<\/div>\n\t<div>\n\t\t<p><label>Mensagem (opcional)<\/label><br \/>\n<span class=\"wpcf7-form-control-wrap\" data-name=\"mensaje\"><textarea cols=\"40\" rows=\"10\" maxlength=\"2000\" class=\"wpcf7-form-control wpcf7-textarea\" aria-invalid=\"false\" placeholder=\"Mensagem\" name=\"mensaje\"><\/textarea><\/span>\n\t\t<\/p>\n\t\t<p><span class=\"wpcf7-form-control-wrap\" data-name=\"politica-privacidad\"><span class=\"wpcf7-form-control wpcf7-acceptance\"><span class=\"wpcf7-list-item\"><label><input type=\"checkbox\" name=\"politica-privacidad\" value=\"1\" aria-invalid=\"false\" \/><span class=\"wpcf7-list-item-label\">Li e aceito as <a href=\"https:\/\/www.soyinquieto.com\/politica-de-privacidad\/\">condi\u00e7\u00f5es legais <\/a><\/span><\/label><\/span><\/span><\/span>\n\t\t<\/p>\n\t<input class=\"wpcf7-form-control wpcf7-hidden\" value=\"Org\u00e1nico\/Directo\" type=\"hidden\" name=\"cadena_procedencia_lead_form\" \/>\n\t<input class=\"wpcf7-form-control wpcf7-hidden\" value=\"\" type=\"hidden\" name=\"url_formulario\" \/>\n\t\t<p><input class=\"wpcf7-form-control wpcf7-submit has-spinner\" type=\"submit\" value=\"Submeter\" \/>\n\t\t<\/p>\n\t<\/div>\n<\/div><div class=\"wpcf7-response-output\" aria-hidden=\"true\"><\/div>\n<\/form>\n<\/div>\n\n","protected":false},"excerpt":{"rendered":"<p>Home Aluguer de curta dura\u00e7\u00e3o de carrinhas el\u00e9ctricas Eservi\u00e7o de aluguer de carrinhas el\u00e9ctricas de curta dura\u00e7\u00e3o \u00e9 ideal para as empresas que pretendem externalizar a gest\u00e3o de uma frota sustent\u00e1vel e de grande capacidade, sem ter de suportar os custos directos. \u00e9 ideal para as empresas que pretendem externalizar a gest\u00e3o de uma frota [&hellip;]<\/p>\n","protected":false},"author":1,"featured_media":0,"parent":17951,"menu_order":0,"comment_status":"closed","ping_status":"closed","template":"","meta":{"_acf_changed":false,"inline_featured_image":false,"_joinchat":[],"footnotes":""},"class_list":["post-18536","page","type-page","status-publish","hentry"],"acf":[],"_links":{"self":[{"href":"https:\/\/www.soyinquieto.com\/pt\/wp-json\/wp\/v2\/pages\/18536","targetHints":{"allow":["GET"]}}],"collection":[{"href":"https:\/\/www.soyinquieto.com\/pt\/wp-json\/wp\/v2\/pages"}],"about":[{"href":"https:\/\/www.soyinquieto.com\/pt\/wp-json\/wp\/v2\/types\/page"}],"author":[{"embeddable":true,"href":"https:\/\/www.soyinquieto.com\/pt\/wp-json\/wp\/v2\/users\/1"}],"replies":[{"embeddable":true,"href":"https:\/\/www.soyinquieto.com\/pt\/wp-json\/wp\/v2\/comments?post=18536"}],"version-history":[{"count":0,"href":"https:\/\/www.soyinquieto.com\/pt\/wp-json\/wp\/v2\/pages\/18536\/revisions"}],"up":[{"embeddable":true,"href":"https:\/\/www.soyinquieto.com\/pt\/wp-json\/wp\/v2\/pages\/17951"}],"wp:attachment":[{"href":"https:\/\/www.soyinquieto.com\/pt\/wp-json\/wp\/v2\/media?parent=18536"}],"curies":[{"name":"wp","href":"https:\/\/api.w.org\/{rel}","templated":true}]}}