{"id":18070,"date":"2023-02-20T12:55:52","date_gmt":"2023-02-20T12:55:52","guid":{"rendered":"https:\/\/www.soyinquieto.com\/nuestra-flota\/maxus-edeliver-9\/"},"modified":"2024-05-09T10:24:29","modified_gmt":"2024-05-09T10:24:29","slug":"maxus-edeliver-9","status":"publish","type":"product","link":"https:\/\/www.soyinquieto.com\/pt\/nosa-frota\/maxus-edeliver-9\/","title":{"rendered":"Maxus eDeliver 9"},"content":{"rendered":"<p><span style=\"font-weight: 400;\">O <\/span><b>Furg\u00e3o el\u00e9trico Maxus eDELIVER9<\/b><span style=\"font-weight: 400;\"> pode transportar uma<\/span><b> carga \u00fatil de at\u00e9 1.200 kg <\/b><span style=\"font-weight: 400;\">sem sacrificar o prazer de condu\u00e7\u00e3o e o conforto de um ve\u00edculo de passageiros espa\u00e7oso.<\/span><\/p>\n<p><span style=\"font-weight: 400;\">Incorpora um motor el\u00e9trico de <\/span><b>motor el\u00e9trico de 204 cv<\/b><span style=\"font-weight: 400;\"> e um bin\u00e1rio m\u00e1ximo de 310 Nm assegura um excelente desempenho mesmo com cargas elevadas. <\/span><b>excelente desempenho mesmo com cargas elevadas<\/b><span style=\"font-weight: 400;\">. E vem com tr\u00eas op\u00e7\u00f5es de bateria (52, 72 e 89 kWh) que lhe d\u00e3o uma  <\/span><b>alcance at\u00e9 353 km<\/b><span style=\"font-weight: 400;\">. Al\u00e9m disso, oferece a  <\/span><b>conforto de um autom\u00f3vel espa\u00e7oso e altamente equipado<\/b><span style=\"font-weight: 400;\">O autom\u00f3vel est\u00e1 equipado com sensores de estacionamento, ar condicionado, ecr\u00e3 t\u00e1til de 10 polegadas, c\u00e2mara traseira e pacote de conetividade, entre outros. <\/span> <\/p>\n","protected":false},"excerpt":{"rendered":"<p>Carrinha el\u00e9ctrica<\/p>\n","protected":false},"featured_media":12652,"template":"","meta":{"_acf_changed":false,"inline_featured_image":false,"_joinchat":[]},"onirix-ar":[879],"product_brand":[],"product_cat":[759,765,466],"product_tag":[763,887,816,885,818,820,809,819],"class_list":{"0":"post-18070","1":"product","2":"type-product","3":"status-publish","4":"has-post-thumbnail","6":"onirix-ar-ar-off","7":"product_cat-marcas-pt","8":"product_cat-maxus-pt","9":"product_cat-nossa-frota","10":"product_tag-carrinha","11":"product_tag-industrial-pt","12":"product_tag-instalacoes","13":"product_tag-lazer","14":"product_tag-mobilidade","15":"product_tag-restauracao","16":"product_tag-sector-publico-pt","17":"product_tag-ultimo-quilometro","19":"first","20":"instock","21":"shipping-taxable","22":"product-type-simple"},"acf":[],"_links":{"self":[{"href":"https:\/\/www.soyinquieto.com\/pt\/wp-json\/wp\/v2\/product\/18070","targetHints":{"allow":["GET"]}}],"collection":[{"href":"https:\/\/www.soyinquieto.com\/pt\/wp-json\/wp\/v2\/product"}],"about":[{"href":"https:\/\/www.soyinquieto.com\/pt\/wp-json\/wp\/v2\/types\/product"}],"wp:featuredmedia":[{"embeddable":true,"href":"https:\/\/www.soyinquieto.com\/pt\/wp-json\/wp\/v2\/media\/12652"}],"wp:attachment":[{"href":"https:\/\/www.soyinquieto.com\/pt\/wp-json\/wp\/v2\/media?parent=18070"}],"wp:term":[{"taxonomy":"onirix-ar","embeddable":true,"href":"https:\/\/www.soyinquieto.com\/pt\/wp-json\/wp\/v2\/onirix-ar?post=18070"},{"taxonomy":"product_brand","embeddable":true,"href":"https:\/\/www.soyinquieto.com\/pt\/wp-json\/wp\/v2\/product_brand?post=18070"},{"taxonomy":"product_cat","embeddable":true,"href":"https:\/\/www.soyinquieto.com\/pt\/wp-json\/wp\/v2\/product_cat?post=18070"},{"taxonomy":"product_tag","embeddable":true,"href":"https:\/\/www.soyinquieto.com\/pt\/wp-json\/wp\/v2\/product_tag?post=18070"}],"curies":[{"name":"wp","href":"https:\/\/api.w.org\/{rel}","templated":true}]}}