{"id":18073,"date":"2023-01-23T10:41:17","date_gmt":"2023-01-23T10:41:17","guid":{"rendered":"https:\/\/www.soyinquieto.com\/nuestra-flota\/lvneng-lx05\/"},"modified":"2026-02-05T11:13:41","modified_gmt":"2026-02-05T11:13:41","slug":"lvneng-lx05","status":"publish","type":"product","link":"https:\/\/www.soyinquieto.com\/pt\/nosa-frota\/lvneng-lx05\/","title":{"rendered":"LVNENG LX05"},"content":{"rendered":"<p><span style=\"font-weight: 400;\">O modelo <\/span><b>LVNENG LX05<\/b><span style=\"font-weight: 400;\"> \u00e9 uma <\/span><b>ciclomotor el\u00e9trico compacto, confort\u00e1vel e eficiente.<\/b><span style=\"font-weight: 400;\"> otimizar de forma sustent\u00e1vel as rotas de entrega para todos os tipos de empresas nas zonas urbanas. Gra\u00e7as \u00e0 sua grande manobrabilidade, pode circular em espa\u00e7os reduzidos ou passar por ruas de dif\u00edcil acesso, permitindo-lhe assim atingir um n\u00edvel de qualidade de vida muito elevado. <\/span><b>desempenho m\u00e1ximo em todas as distribui\u00e7\u00f5es<\/b><span style=\"font-weight: 400;\">.<\/span><\/p>\n<p><span style=\"font-weight: 400;\">O LVNENG LX05 \u00e9 um ciclomotor el\u00e9trico ideal para o sector das entregas e da hotelaria, entre outros. Inclui um<\/span><b> 25 kg de carga de arranque<\/b><span style=\"font-weight: 400;\"> e um volume de 100 litros. As suas duas pilhas amov\u00edveis proporcionam uma longa dura\u00e7\u00e3o<\/span> <b> alcance de 100 km<\/b><span style=\"font-weight: 400;\"> e inclui um <\/span><b>motor Bosh Brushless<\/b><span style=\"font-weight: 400;\"> que lhe confere uma velocidade m\u00e1xima de 45 km\/h, permitindo-lhe atingir uma inclina\u00e7\u00e3o super\u00e1vel de 25%.<\/span><\/p>\n","protected":false},"excerpt":{"rendered":"<p>Moto el\u00e9ctrica<\/p>\n","protected":false},"featured_media":506,"template":"","meta":{"_acf_changed":false,"inline_featured_image":false,"_joinchat":[]},"onirix-ar":[878],"product_brand":[],"product_cat":[466,769,759],"product_tag":[886,887,816,885,818,762,820,819],"class_list":{"0":"post-18073","1":"product","2":"type-product","3":"status-publish","4":"has-post-thumbnail","6":"onirix-ar-ar-on","7":"product_cat-nossa-frota","8":"product_cat-lvneng-pt","9":"product_cat-marcas-pt","10":"product_tag-entrega-de-alimentos","11":"product_tag-industrial-pt","12":"product_tag-instalacoes","13":"product_tag-lazer","14":"product_tag-mobilidade","15":"product_tag-motociclo","16":"product_tag-restauracao","17":"product_tag-ultimo-quilometro","19":"first","20":"instock","21":"shipping-taxable","22":"product-type-simple"},"acf":[],"_links":{"self":[{"href":"https:\/\/www.soyinquieto.com\/pt\/wp-json\/wp\/v2\/product\/18073","targetHints":{"allow":["GET"]}}],"collection":[{"href":"https:\/\/www.soyinquieto.com\/pt\/wp-json\/wp\/v2\/product"}],"about":[{"href":"https:\/\/www.soyinquieto.com\/pt\/wp-json\/wp\/v2\/types\/product"}],"wp:featuredmedia":[{"embeddable":true,"href":"https:\/\/www.soyinquieto.com\/pt\/wp-json\/wp\/v2\/media\/506"}],"wp:attachment":[{"href":"https:\/\/www.soyinquieto.com\/pt\/wp-json\/wp\/v2\/media?parent=18073"}],"wp:term":[{"taxonomy":"onirix-ar","embeddable":true,"href":"https:\/\/www.soyinquieto.com\/pt\/wp-json\/wp\/v2\/onirix-ar?post=18073"},{"taxonomy":"product_brand","embeddable":true,"href":"https:\/\/www.soyinquieto.com\/pt\/wp-json\/wp\/v2\/product_brand?post=18073"},{"taxonomy":"product_cat","embeddable":true,"href":"https:\/\/www.soyinquieto.com\/pt\/wp-json\/wp\/v2\/product_cat?post=18073"},{"taxonomy":"product_tag","embeddable":true,"href":"https:\/\/www.soyinquieto.com\/pt\/wp-json\/wp\/v2\/product_tag?post=18073"}],"curies":[{"name":"wp","href":"https:\/\/api.w.org\/{rel}","templated":true}]}}