{"id":18080,"date":"2023-01-23T10:39:28","date_gmt":"2023-01-23T10:39:28","guid":{"rendered":"https:\/\/www.soyinquieto.com\/nuestra-flota\/eezon-e3\/"},"modified":"2026-02-05T11:16:36","modified_gmt":"2026-02-05T11:16:36","slug":"eezon-e3","status":"publish","type":"product","link":"https:\/\/www.soyinquieto.com\/pt\/nosa-frota\/eezon-e3\/","title":{"rendered":"Eezon E3"},"content":{"rendered":"<p><span style=\"font-weight: 400;\">O <\/span><b>triciclo el\u00e9trico EEZON E3 <\/b> <span style=\"font-weight: 400;\">\u00e9 um ve\u00edculo especialmente concebido e destinado \u00e0 entrega a empresas e administra\u00e7\u00f5es. Oferece uma elevada capacidade de carga gra\u00e7as \u00e0 sua<\/span> <b> 500 litros de bagageira XL <\/b><span style=\"font-weight: 400;\">e 100 litros de espa\u00e7o na bagageira e destaca-se pela sua <\/span><b>seguran\u00e7a e estabilidade<\/b><span style=\"font-weight: 400;\"> A moto el\u00e9ctrica tem tr\u00eas rodas, sem sacrificar a manobrabilidade e a agilidade de uma moto el\u00e9ctrica convencional.<\/span><span style=\"font-weight: 400;\">Tem uma bateria de 7,2 kWh que lhe d\u00e1 uma autonomia de at\u00e9 120 km e atinge uma velocidade m\u00e1xima de 90 km\/h, permitindo-lhe <\/span><b>que lhe permite circular tamb\u00e9m em auto-estradas.<\/b><span style=\"font-weight: 400;\">.<\/span><\/p>\n","protected":false},"excerpt":{"rendered":"<p>Triciclo el\u00e9trico<\/p>\n","protected":false},"featured_media":485,"template":"","meta":{"_acf_changed":false,"inline_featured_image":false,"_joinchat":[]},"onirix-ar":[878],"product_brand":[],"product_cat":[466,774,759],"product_tag":[886,887,816,885,818,820,757,819],"class_list":{"0":"post-18080","1":"product","2":"type-product","3":"status-publish","4":"has-post-thumbnail","6":"onirix-ar-ar-on","7":"product_cat-nossa-frota","8":"product_cat-eezon-pt","9":"product_cat-marcas-pt","10":"product_tag-entrega-de-alimentos","11":"product_tag-industrial-pt","12":"product_tag-instalacoes","13":"product_tag-lazer","14":"product_tag-mobilidade","15":"product_tag-restauracao","16":"product_tag-triciclo-pt","17":"product_tag-ultimo-quilometro","19":"first","20":"instock","21":"shipping-taxable","22":"product-type-simple"},"acf":[],"_links":{"self":[{"href":"https:\/\/www.soyinquieto.com\/pt\/wp-json\/wp\/v2\/product\/18080","targetHints":{"allow":["GET"]}}],"collection":[{"href":"https:\/\/www.soyinquieto.com\/pt\/wp-json\/wp\/v2\/product"}],"about":[{"href":"https:\/\/www.soyinquieto.com\/pt\/wp-json\/wp\/v2\/types\/product"}],"wp:featuredmedia":[{"embeddable":true,"href":"https:\/\/www.soyinquieto.com\/pt\/wp-json\/wp\/v2\/media\/485"}],"wp:attachment":[{"href":"https:\/\/www.soyinquieto.com\/pt\/wp-json\/wp\/v2\/media?parent=18080"}],"wp:term":[{"taxonomy":"onirix-ar","embeddable":true,"href":"https:\/\/www.soyinquieto.com\/pt\/wp-json\/wp\/v2\/onirix-ar?post=18080"},{"taxonomy":"product_brand","embeddable":true,"href":"https:\/\/www.soyinquieto.com\/pt\/wp-json\/wp\/v2\/product_brand?post=18080"},{"taxonomy":"product_cat","embeddable":true,"href":"https:\/\/www.soyinquieto.com\/pt\/wp-json\/wp\/v2\/product_cat?post=18080"},{"taxonomy":"product_tag","embeddable":true,"href":"https:\/\/www.soyinquieto.com\/pt\/wp-json\/wp\/v2\/product_tag?post=18080"}],"curies":[{"name":"wp","href":"https:\/\/api.w.org\/{rel}","templated":true}]}}