{"id":18086,"date":"2023-01-23T10:43:33","date_gmt":"2023-01-23T10:43:33","guid":{"rendered":"https:\/\/www.soyinquieto.com\/nuestra-flota\/super-inquieto\/"},"modified":"2026-02-05T11:09:01","modified_gmt":"2026-02-05T11:09:01","slug":"super-inquieto","status":"publish","type":"product","link":"https:\/\/www.soyinquieto.com\/pt\/nosa-frota\/super-inquieto\/","title":{"rendered":"Super inquieto"},"content":{"rendered":"<p><span style=\"font-weight: 400;\">Este furg\u00e3o el\u00e9trico compacto SUPERINQUIETO foi concebido para otimizar <\/span><b>concebido para otimizar a entrega desde o supermercado at\u00e9 ao domic\u00edlio do cliente final.<\/b><span style=\"font-weight: 400;\">. N\u00e3o s\u00f3 substitui os cami\u00f5es convencionais por ve\u00edculos alternativos de emiss\u00f5es zero, como tamb\u00e9m chega aos pontos de entrega final onde os outros n\u00e3o chegam, gra\u00e7as \u00e0 sua pequena dimens\u00e3o.<\/span><\/p>\n<p><span style=\"font-weight: 400;\">Tem uma <\/span><b>capacidade de carga at\u00e9 700 kg<\/b><span style=\"font-weight: 400;\">O ve\u00edculo est\u00e1 equipado com uma c\u00e2mara de vis\u00e3o traseira, dire\u00e7\u00e3o assistida e fecho centralizado. Alcan\u00e7a um <\/span><b>velocidade m\u00e1xima de 85 km\/h <\/b><span style=\"font-weight: 400;\">e proporciona uma<\/span><b> alcance m\u00e1ximo de 240 km<\/b><span style=\"font-weight: 400;\">.<\/span><\/p>\n","protected":false},"excerpt":{"rendered":"<p>Furg\u00e3o el\u00e9trico compacto para supermercados<\/p>\n","protected":false},"featured_media":531,"template":"","meta":{"_acf_changed":false,"inline_featured_image":false,"_joinchat":[]},"onirix-ar":[878],"product_brand":[],"product_cat":[466,760,759],"product_tag":[763,886,887,816,885,818,820,809,819],"class_list":{"0":"post-18086","1":"product","2":"type-product","3":"status-publish","4":"has-post-thumbnail","6":"onirix-ar-ar-on","7":"product_cat-nossa-frota","8":"product_cat-cenntro-pt","9":"product_cat-marcas-pt","10":"product_tag-carrinha","11":"product_tag-entrega-de-alimentos","12":"product_tag-industrial-pt","13":"product_tag-instalacoes","14":"product_tag-lazer","15":"product_tag-mobilidade","16":"product_tag-restauracao","17":"product_tag-sector-publico-pt","18":"product_tag-ultimo-quilometro","20":"first","21":"instock","22":"shipping-taxable","23":"product-type-simple"},"acf":[],"_links":{"self":[{"href":"https:\/\/www.soyinquieto.com\/pt\/wp-json\/wp\/v2\/product\/18086","targetHints":{"allow":["GET"]}}],"collection":[{"href":"https:\/\/www.soyinquieto.com\/pt\/wp-json\/wp\/v2\/product"}],"about":[{"href":"https:\/\/www.soyinquieto.com\/pt\/wp-json\/wp\/v2\/types\/product"}],"wp:featuredmedia":[{"embeddable":true,"href":"https:\/\/www.soyinquieto.com\/pt\/wp-json\/wp\/v2\/media\/531"}],"wp:attachment":[{"href":"https:\/\/www.soyinquieto.com\/pt\/wp-json\/wp\/v2\/media?parent=18086"}],"wp:term":[{"taxonomy":"onirix-ar","embeddable":true,"href":"https:\/\/www.soyinquieto.com\/pt\/wp-json\/wp\/v2\/onirix-ar?post=18086"},{"taxonomy":"product_brand","embeddable":true,"href":"https:\/\/www.soyinquieto.com\/pt\/wp-json\/wp\/v2\/product_brand?post=18086"},{"taxonomy":"product_cat","embeddable":true,"href":"https:\/\/www.soyinquieto.com\/pt\/wp-json\/wp\/v2\/product_cat?post=18086"},{"taxonomy":"product_tag","embeddable":true,"href":"https:\/\/www.soyinquieto.com\/pt\/wp-json\/wp\/v2\/product_tag?post=18086"}],"curies":[{"name":"wp","href":"https:\/\/api.w.org\/{rel}","templated":true}]}}