{"id":18087,"date":"2023-01-23T10:36:36","date_gmt":"2023-01-23T10:36:36","guid":{"rendered":"https:\/\/www.soyinquieto.com\/nuestra-flota\/littium-ibiza\/"},"modified":"2026-02-05T11:19:23","modified_gmt":"2026-02-05T11:19:23","slug":"littium-ibiza","status":"publish","type":"product","link":"https:\/\/www.soyinquieto.com\/pt\/nosa-frota\/littium-ibiza\/","title":{"rendered":"LITTIUM IBIZA"},"content":{"rendered":"<p><span style=\"font-weight: 400;\">A <\/span><b>bicicleta el\u00e9ctrica dobr\u00e1vel LITTIUM IBIZA <\/b> <span style=\"font-weight: 400;\">permite uma otimiza\u00e7\u00e3o m\u00e1xima da distribui\u00e7\u00e3o gra\u00e7as \u00e0s suas dimens\u00f5es reduzidas. \u00c9 capaz de<\/span><b> aceder a qualquer espa\u00e7o<\/b><span style=\"font-weight: 400;\"> O novo sistema pode ser utilizado tanto para o tr\u00e1fego pedestre como para o rodovi\u00e1rio, permitindo uma desloca\u00e7\u00e3o mais r\u00e1pida e eficiente em cidades com elevado congestionamento de tr\u00e1fego. Al\u00e9m disso, pode ser dobrado para facilitar o transporte gra\u00e7as ao seu peso de 21 kg e \u00e0s suas dimens\u00f5es (dobrado) de 90 cm x 70 cm x 38 cm.<\/span><\/p>\n<p><span style=\"font-weight: 400;\">A bicicleta LITTIUM IBIZA DOGMA \u00e9 <\/span><b>ideal para a entrega de mochilas<\/b><span style=\"font-weight: 400;\"> mas tamb\u00e9m permite a adi\u00e7\u00e3o de uma caixa superior. Inclui uma bateria que fornece uma <\/span><b>autonomia de at\u00e9 100 km<\/b><span style=\"font-weight: 400;\"> e atinge uma velocidade m\u00e1xima de 25 km\/h.<\/span><\/p>\n","protected":false},"excerpt":{"rendered":"<p>Bicicleta el\u00e9ctrica<\/p>\n","protected":false},"featured_media":443,"template":"","meta":{"_acf_changed":false,"inline_featured_image":false,"_joinchat":[]},"onirix-ar":[878],"product_brand":[],"product_cat":[466,777,759],"product_tag":[778,886,887,816,885,818,820,809,819],"class_list":{"0":"post-18087","1":"product","2":"type-product","3":"status-publish","4":"has-post-thumbnail","6":"onirix-ar-ar-on","7":"product_cat-nossa-frota","8":"product_cat-littium-pt","9":"product_cat-marcas-pt","10":"product_tag-bicicleta-pt","11":"product_tag-entrega-de-alimentos","12":"product_tag-industrial-pt","13":"product_tag-instalacoes","14":"product_tag-lazer","15":"product_tag-mobilidade","16":"product_tag-restauracao","17":"product_tag-sector-publico-pt","18":"product_tag-ultimo-quilometro","20":"first","21":"instock","22":"shipping-taxable","23":"product-type-simple"},"acf":[],"_links":{"self":[{"href":"https:\/\/www.soyinquieto.com\/pt\/wp-json\/wp\/v2\/product\/18087","targetHints":{"allow":["GET"]}}],"collection":[{"href":"https:\/\/www.soyinquieto.com\/pt\/wp-json\/wp\/v2\/product"}],"about":[{"href":"https:\/\/www.soyinquieto.com\/pt\/wp-json\/wp\/v2\/types\/product"}],"wp:featuredmedia":[{"embeddable":true,"href":"https:\/\/www.soyinquieto.com\/pt\/wp-json\/wp\/v2\/media\/443"}],"wp:attachment":[{"href":"https:\/\/www.soyinquieto.com\/pt\/wp-json\/wp\/v2\/media?parent=18087"}],"wp:term":[{"taxonomy":"onirix-ar","embeddable":true,"href":"https:\/\/www.soyinquieto.com\/pt\/wp-json\/wp\/v2\/onirix-ar?post=18087"},{"taxonomy":"product_brand","embeddable":true,"href":"https:\/\/www.soyinquieto.com\/pt\/wp-json\/wp\/v2\/product_brand?post=18087"},{"taxonomy":"product_cat","embeddable":true,"href":"https:\/\/www.soyinquieto.com\/pt\/wp-json\/wp\/v2\/product_cat?post=18087"},{"taxonomy":"product_tag","embeddable":true,"href":"https:\/\/www.soyinquieto.com\/pt\/wp-json\/wp\/v2\/product_tag?post=18087"}],"curies":[{"name":"wp","href":"https:\/\/api.w.org\/{rel}","templated":true}]}}