{"id":18089,"date":"2023-01-23T10:40:38","date_gmt":"2023-01-23T10:40:38","guid":{"rendered":"https:\/\/www.soyinquieto.com\/nuestra-flota\/d80-urbana\/"},"modified":"2026-02-05T11:14:45","modified_gmt":"2026-02-05T11:14:45","slug":"urbano-d80","status":"publish","type":"product","link":"https:\/\/www.soyinquieto.com\/pt\/nosa-frota\/urbano-d80\/","title":{"rendered":"D80 urbana"},"content":{"rendered":"<p><b>A trotinete el\u00e9ctrica URBAN Delivery 80<\/b><span style=\"font-weight: 400;\"> \u00e9 <\/span><b>especialmente concebida e projectada para as entregas<\/b><span style=\"font-weight: 400;\">. A sua grande manobrabilidade permite-lhe aceder a ruas estreitas e a espa\u00e7os apertados, optimizando cada rota de entrega.<\/span><\/p>\n<p><span style=\"font-weight: 400;\">Incorpora uma mala superior personaliz\u00e1vel <\/span><b>com capacidades de 100, 170 ou 200 litros e uma capacidade de carga de 25 kg.<\/b><span style=\"font-weight: 400;\">. Inclui tamb\u00e9m uma bateria amov\u00edvel, que lhe d\u00e1 a capacidade de <\/span><b>100 km de autonomia<\/b><span style=\"font-weight: 400;\"> e um motor el\u00e9trico Bosch de 4,7 kW que lhe permite atingir uma velocidade de 80 km\/h. <\/span><b>velocidade de 80 km\/h<\/b><span style=\"font-weight: 400;\">.<\/span><\/p>\n<p>&nbsp;<\/p>\n","protected":false},"excerpt":{"rendered":"<p>Moto el\u00e9ctrica<\/p>\n","protected":false},"featured_media":493,"template":"","meta":{"_acf_changed":false,"inline_featured_image":false,"_joinchat":[]},"onirix-ar":[878],"product_brand":[],"product_cat":[466,759,779],"product_tag":[886,887,816,885,818,762,820,819],"class_list":{"0":"post-18089","1":"product","2":"type-product","3":"status-publish","4":"has-post-thumbnail","6":"onirix-ar-ar-on","7":"product_cat-nossa-frota","8":"product_cat-marcas-pt","9":"product_cat-motores-electricos-urbanos","10":"product_tag-entrega-de-alimentos","11":"product_tag-industrial-pt","12":"product_tag-instalacoes","13":"product_tag-lazer","14":"product_tag-mobilidade","15":"product_tag-motociclo","16":"product_tag-restauracao","17":"product_tag-ultimo-quilometro","19":"first","20":"instock","21":"shipping-taxable","22":"product-type-simple"},"acf":[],"_links":{"self":[{"href":"https:\/\/www.soyinquieto.com\/pt\/wp-json\/wp\/v2\/product\/18089","targetHints":{"allow":["GET"]}}],"collection":[{"href":"https:\/\/www.soyinquieto.com\/pt\/wp-json\/wp\/v2\/product"}],"about":[{"href":"https:\/\/www.soyinquieto.com\/pt\/wp-json\/wp\/v2\/types\/product"}],"wp:featuredmedia":[{"embeddable":true,"href":"https:\/\/www.soyinquieto.com\/pt\/wp-json\/wp\/v2\/media\/493"}],"wp:attachment":[{"href":"https:\/\/www.soyinquieto.com\/pt\/wp-json\/wp\/v2\/media?parent=18089"}],"wp:term":[{"taxonomy":"onirix-ar","embeddable":true,"href":"https:\/\/www.soyinquieto.com\/pt\/wp-json\/wp\/v2\/onirix-ar?post=18089"},{"taxonomy":"product_brand","embeddable":true,"href":"https:\/\/www.soyinquieto.com\/pt\/wp-json\/wp\/v2\/product_brand?post=18089"},{"taxonomy":"product_cat","embeddable":true,"href":"https:\/\/www.soyinquieto.com\/pt\/wp-json\/wp\/v2\/product_cat?post=18089"},{"taxonomy":"product_tag","embeddable":true,"href":"https:\/\/www.soyinquieto.com\/pt\/wp-json\/wp\/v2\/product_tag?post=18089"}],"curies":[{"name":"wp","href":"https:\/\/api.w.org\/{rel}","templated":true}]}}