{"id":18094,"date":"2023-01-23T10:38:46","date_gmt":"2023-01-23T10:38:46","guid":{"rendered":"https:\/\/www.soyinquieto.com\/nuestra-flota\/bkl-hulk\/"},"modified":"2026-02-05T11:17:32","modified_gmt":"2026-02-05T11:17:32","slug":"bkl-hulk","status":"publish","type":"product","link":"https:\/\/www.soyinquieto.com\/pt\/nosa-frota\/bkl-hulk\/","title":{"rendered":"BKL HULK"},"content":{"rendered":"<p><span style=\"font-weight: 400;\">O <\/span><b>triciclo el\u00e9trico BKL HULK <\/b> <span style=\"font-weight: 400;\">oferece uma capacidade de carga de 300 kg e uma capacidade de bagageira de 1.500 litros. Gra\u00e7as \u00e0 sua facilidade de utiliza\u00e7\u00e3o em zonas pedonais, espa\u00e7os reduzidos e \u00e0 sua grande manobrabilidade, este triciclo el\u00e9trico \u00e9<\/span> <b> concebido para otimizar cada entrega log\u00edstica de \u00faltima milha.<\/b><span style=\"font-weight: 400;\">.<\/span><span style=\"font-weight: 400;\">O BKL HULK incorpora <\/span><b>duas baterias amov\u00edveis de 600 Wh<\/b><span style=\"font-weight: 400;\"> 600 Wh que lhe conferem uma<\/span><b> autonomia de 130 km<\/b><span style=\"font-weight: 400;\">. \u00c9 alimentada por um motor Befang M500 que lhe confere uma velocidade m\u00e1xima de 25 km\/h e tem uma capota de prote\u00e7\u00e3o para melhorar o conforto e a seguran\u00e7a do condutor.<\/span><\/p>\n","protected":false},"excerpt":{"rendered":"<p>Triciclo el\u00e9trico<\/p>\n","protected":false},"featured_media":472,"template":"","meta":{"_acf_changed":false,"inline_featured_image":false,"_joinchat":[]},"onirix-ar":[878],"product_brand":[],"product_cat":[466,764,759],"product_tag":[818,820,757,819],"class_list":{"0":"post-18094","1":"product","2":"type-product","3":"status-publish","4":"has-post-thumbnail","6":"onirix-ar-ar-on","7":"product_cat-nossa-frota","8":"product_cat-bkl-pt","9":"product_cat-marcas-pt","10":"product_tag-mobilidade","11":"product_tag-restauracao","12":"product_tag-triciclo-pt","13":"product_tag-ultimo-quilometro","15":"first","16":"instock","17":"shipping-taxable","18":"product-type-simple"},"acf":[],"_links":{"self":[{"href":"https:\/\/www.soyinquieto.com\/pt\/wp-json\/wp\/v2\/product\/18094","targetHints":{"allow":["GET"]}}],"collection":[{"href":"https:\/\/www.soyinquieto.com\/pt\/wp-json\/wp\/v2\/product"}],"about":[{"href":"https:\/\/www.soyinquieto.com\/pt\/wp-json\/wp\/v2\/types\/product"}],"wp:featuredmedia":[{"embeddable":true,"href":"https:\/\/www.soyinquieto.com\/pt\/wp-json\/wp\/v2\/media\/472"}],"wp:attachment":[{"href":"https:\/\/www.soyinquieto.com\/pt\/wp-json\/wp\/v2\/media?parent=18094"}],"wp:term":[{"taxonomy":"onirix-ar","embeddable":true,"href":"https:\/\/www.soyinquieto.com\/pt\/wp-json\/wp\/v2\/onirix-ar?post=18094"},{"taxonomy":"product_brand","embeddable":true,"href":"https:\/\/www.soyinquieto.com\/pt\/wp-json\/wp\/v2\/product_brand?post=18094"},{"taxonomy":"product_cat","embeddable":true,"href":"https:\/\/www.soyinquieto.com\/pt\/wp-json\/wp\/v2\/product_cat?post=18094"},{"taxonomy":"product_tag","embeddable":true,"href":"https:\/\/www.soyinquieto.com\/pt\/wp-json\/wp\/v2\/product_tag?post=18094"}],"curies":[{"name":"wp","href":"https:\/\/api.w.org\/{rel}","templated":true}]}}