{"id":18095,"date":"2023-01-23T10:41:45","date_gmt":"2023-01-23T10:41:45","guid":{"rendered":"https:\/\/www.soyinquieto.com\/nuestra-flota\/lvneng-lx08\/"},"modified":"2026-02-05T11:12:59","modified_gmt":"2026-02-05T11:12:59","slug":"lvneng-lx08","status":"publish","type":"product","link":"https:\/\/www.soyinquieto.com\/pt\/nosa-frota\/lvneng-lx08\/","title":{"rendered":"LVNENG LX08"},"content":{"rendered":"<p><span style=\"font-weight: 400;\">A <\/span><b>LVNENG LX08 moto el\u00e9ctrica<\/b><span style=\"font-weight: 400;\"> \u00e9 <\/span><b>compacta, confort\u00e1vel e eficiente<\/b><span style=\"font-weight: 400;\">concebido para otimizar de forma sustent\u00e1vel os percursos de entrega de qualquer empresa em meio urbano. Destaca-se pela sua elevada manobrabilidade, que permite uma maior efic\u00e1cia em todos os movimentos, proporcionando tamb\u00e9m o m\u00e1ximo conforto ao condutor.<\/span><\/p>\n<p><span style=\"font-weight: 400;\">O modelo LVNENG LX08 inclui um compartimento de carga de 25 kg que pode ser adaptado a cada necessidade, e o seu volume pode ser personalizado para 100, 170 ou 200 litros. As suas duas pilhas amov\u00edveis proporcionam uma longa dura\u00e7\u00e3o <\/span><b>120 km de autonomia<\/b><span style=\"font-weight: 400;\"> e o seu motor Bosch de 4000 W permite-lhe atingir uma velocidade m\u00e1xima de cerca de 75 km\/h. <\/span><b>velocidade m\u00e1xima de cerca de 75 km\/h<\/b><span style=\"font-weight: 400;\"> e uma <\/span><b>e uma capacidade de subida de 30%.<\/b><span style=\"font-weight: 400;\">.<\/span><\/p>\n","protected":false},"excerpt":{"rendered":"<p>Moto el\u00e9ctrica<\/p>\n","protected":false},"featured_media":510,"template":"","meta":{"_acf_changed":false,"inline_featured_image":false,"_joinchat":[]},"onirix-ar":[878],"product_brand":[],"product_cat":[466,769,759],"product_tag":[886,887,816,885,818,762,820,819],"class_list":{"0":"post-18095","1":"product","2":"type-product","3":"status-publish","4":"has-post-thumbnail","6":"onirix-ar-ar-on","7":"product_cat-nossa-frota","8":"product_cat-lvneng-pt","9":"product_cat-marcas-pt","10":"product_tag-entrega-de-alimentos","11":"product_tag-industrial-pt","12":"product_tag-instalacoes","13":"product_tag-lazer","14":"product_tag-mobilidade","15":"product_tag-motociclo","16":"product_tag-restauracao","17":"product_tag-ultimo-quilometro","19":"first","20":"instock","21":"shipping-taxable","22":"product-type-simple"},"acf":[],"_links":{"self":[{"href":"https:\/\/www.soyinquieto.com\/pt\/wp-json\/wp\/v2\/product\/18095","targetHints":{"allow":["GET"]}}],"collection":[{"href":"https:\/\/www.soyinquieto.com\/pt\/wp-json\/wp\/v2\/product"}],"about":[{"href":"https:\/\/www.soyinquieto.com\/pt\/wp-json\/wp\/v2\/types\/product"}],"wp:featuredmedia":[{"embeddable":true,"href":"https:\/\/www.soyinquieto.com\/pt\/wp-json\/wp\/v2\/media\/510"}],"wp:attachment":[{"href":"https:\/\/www.soyinquieto.com\/pt\/wp-json\/wp\/v2\/media?parent=18095"}],"wp:term":[{"taxonomy":"onirix-ar","embeddable":true,"href":"https:\/\/www.soyinquieto.com\/pt\/wp-json\/wp\/v2\/onirix-ar?post=18095"},{"taxonomy":"product_brand","embeddable":true,"href":"https:\/\/www.soyinquieto.com\/pt\/wp-json\/wp\/v2\/product_brand?post=18095"},{"taxonomy":"product_cat","embeddable":true,"href":"https:\/\/www.soyinquieto.com\/pt\/wp-json\/wp\/v2\/product_cat?post=18095"},{"taxonomy":"product_tag","embeddable":true,"href":"https:\/\/www.soyinquieto.com\/pt\/wp-json\/wp\/v2\/product_tag?post=18095"}],"curies":[{"name":"wp","href":"https:\/\/api.w.org\/{rel}","templated":true}]}}